{"id":46,"date":"2012-03-27T20:58:16","date_gmt":"2012-03-27T20:58:16","guid":{"rendered":"http:\/\/www.floridabig.com\/lan\/nl\/?page_id=46"},"modified":"2026-01-29T12:08:24","modified_gmt":"2026-01-29T12:08:24","slug":"home","status":"publish","type":"page","link":"https:\/\/www.floridabig.com\/wp\/","title":{"rendered":"Welkom op de website van Floridabig"},"content":{"rendered":"\t\t<div data-elementor-type=\"wp-page\" data-elementor-id=\"46\" class=\"elementor elementor-46\">\n\t\t\t\t<div class=\"elementor-element elementor-element-6763b03 e-flex e-con-boxed e-con e-parent\" data-id=\"6763b03\" data-element_type=\"container\" data-e-type=\"container\">\n\t\t\t\t\t<div class=\"e-con-inner\">\n\t\t\t\t\t<\/div>\n\t\t\t\t<\/div>\n\t\t<div class=\"elementor-element elementor-element-f46b528 e-flex e-con-boxed e-con e-parent\" data-id=\"f46b528\" data-element_type=\"container\" data-e-type=\"container\">\n\t\t\t\t\t<div class=\"e-con-inner\">\n\t\t<div class=\"elementor-element elementor-element-be0cb7a e-con-full e-flex e-con e-child\" data-id=\"be0cb7a\" data-element_type=\"container\" data-e-type=\"container\">\n\t\t\t\t<div class=\"elementor-element elementor-element-51112f5 elementor-widget__width-inherit elementor-widget elementor-widget-image\" data-id=\"51112f5\" data-element_type=\"widget\" data-e-type=\"widget\" data-widget_type=\"image.default\">\n\t\t\t\t\t\t\t\t\t\t\t\t\t\t\t<img fetchpriority=\"high\" decoding=\"async\" width=\"308\" height=\"195\" src=\"https:\/\/www.floridabig.com\/wp\/wp-content\/uploads\/2025\/07\/fuengirola.jpg\" class=\"attachment-full size-full wp-image-8068\" alt=\"\" srcset=\"https:\/\/www.floridabig.com\/wp\/wp-content\/uploads\/2025\/07\/fuengirola.jpg 308w, https:\/\/www.floridabig.com\/wp\/wp-content\/uploads\/2025\/07\/fuengirola-300x190.jpg 300w\" sizes=\"(max-width: 308px) 100vw, 308px\" \/>\t\t\t\t\t\t\t\t\t\t\t\t\t\t\t<\/div>\n\t\t\t\t<div class=\"elementor-element elementor-element-31646dd8 elementor-widget elementor-widget-text-editor\" data-id=\"31646dd8\" data-element_type=\"widget\" data-e-type=\"widget\" data-widget_type=\"text-editor.default\">\n\t\t\t\t\t\t\t\t\t<p dir=\"auto\">Floridabig is een verhuurbedrijf dat vakantieappartementen aanbiedt aan de Costa del Sol, met name in Fuengirola, Spanje. Ze richten zich op comfortabele en centraal gelegen accommodaties direct aan het strand, ideaal voor vakantiegangers die op zoek zijn naar zon, zee en gemak. De appartementen vari\u00ebren van gezellige opties met twee slaapkamers en \u00e9\u00e9n badkamer tot luxe driekamerappartementen met airconditioning, terrassen met zeezicht, en moderne voorzieningen zoals grote flatscreen-tv&#8217;s met Nederlandse zenders en wifi. Deze woningen liggen aan de boulevard van Fuengirola, dicht bij winkels, supermarkten en restaurants, wat ze aantrekkelijk maakt voor zowel korte vakanties als langere verblijven, zoals overwinteren.<\/p><p dir=\"auto\">\u00a0<\/p>\t\t\t\t\t\t\t\t<\/div>\n\t\t\t\t<\/div>\n\t\t<div class=\"elementor-element elementor-element-42bd4e1 e-con-full e-flex e-con e-child\" data-id=\"42bd4e1\" data-element_type=\"container\" data-e-type=\"container\">\n\t\t\t\t<div class=\"elementor-element elementor-element-658e09cc elementor-widget elementor-widget-mphbe-room\" data-id=\"658e09cc\" data-element_type=\"widget\" data-e-type=\"widget\" data-widget_type=\"mphbe-room.default\">\n\t\t\t\t<div class=\"elementor-widget-container\">\n\t\t\t\t\t<div class=\"mphb_sc_room-wrapper \"><div class=\"mphb-room-type post-7052 mphb_room_type type-mphb_room_type status-publish has-post-thumbnail mphb_room_type_category-2-slaapkamers mphb-room-type-adults-4 mphb-room-type-children-0 has-taxes-and-fees czr-hentry\">\n\n\t\n\t\n\n\t<p class=\"post-thumbnail mphb-loop-room-thumbnail\">\n\t<a href=\"https:\/\/www.floridabig.com\/wp\/accommodation\/2-slaapkamer-appartement\/\">\n\t<img decoding=\"async\" width=\"1200\" height=\"755\" src=\"https:\/\/www.floridabig.com\/wp\/wp-content\/uploads\/2023\/11\/diamante.jpg\" class=\"attachment-post-thumbnail size-post-thumbnail wp-post-image\" alt=\"\" srcset=\"https:\/\/www.floridabig.com\/wp\/wp-content\/uploads\/2023\/11\/diamante.jpg 1200w, https:\/\/www.floridabig.com\/wp\/wp-content\/uploads\/2023\/11\/diamante-300x189.jpg 300w, https:\/\/www.floridabig.com\/wp\/wp-content\/uploads\/2023\/11\/diamante-1024x644.jpg 1024w, https:\/\/www.floridabig.com\/wp\/wp-content\/uploads\/2023\/11\/diamante-768x483.jpg 768w\" sizes=\"(max-width: 1200px) 100vw, 1200px\" \/>\t<\/a>\n\n\t<\/p>\n\n<h2 class=\"mphb-room-type-title entry-title\">\n\n<a class=\"mphb-room-type-title\" href=\"https:\/\/www.floridabig.com\/wp\/accommodation\/2-slaapkamer-appartement\/\">Diamante<\/a>\n\n<\/h2>\n<h3 class=\"mphb-room-type-details-title\">Details<\/h3><ul class=\"mphb-loop-room-type-attributes\">\n\t<li class=\"mphb-room-type-total-capacity\"><span class=\"mphb-attribute-title mphb-total-capacity-title\">Gasten:<\/span><span class=\"mphb-attribute-value\">\n\t4\n\t<\/span><\/li>\t\n\n\n\n\n\t<li class=\"mphb-room-type-view\"><span class=\"mphb-attribute-title mphb-view-title\">Bekijken:<\/span><span class=\"mphb-attribute-value\">\n\tzeezicht\n\t<\/span><\/li>\n\t\n\n\n\n\t<li class=\"mphb-room-type-bed-type\"><span  class=\"mphb-attribute-title mphb-bed-type-title\">Type Bed:<\/span><span class=\"mphb-attribute-value\">\n\t2 persoonbed\n\t<\/span><\/li>\n\t\n\n\t<li class=\"mphb-room-type-categories\"><span class=\"mphb-attribute-title mphb-categories-title\">Categorie\u00ebn:<\/span><span class=\"mphb-attribute-value\"> <span class=\"category-2-slaapkamers\"><a href=\"https:\/\/www.floridabig.com\/wp\/accommodation-category\/2-slaapkamers\/\">2 slaapkamers<\/a><\/span><\/span><\/li>\n\t\n<\/ul>\n\n\t<p class=\"mphb-regular-price\"><strong>Prijzen beginnen bij:<\/strong>\n\t<span class=\"mphb-price\"><span class=\"mphb-currency\">&euro;<\/span>125<\/span> <span class=\"mphb-price-period\" title=\"Kies uw data om de relevante prijzen te zien\">per nacht<\/span><span class=\"mphb-tax-information taxes-included\"> (+belastingen en toeslagen)<\/span>\n\t<\/p>\n\t\n<div class=\"mphb-to-book-btn-wrapper\">\n<form action=\"https:\/\/www.floridabig.com\/wp\/accommodation\/2-slaapkamer-appartement\/#booking-form-7052\" method=\"get\" ><button type=\"submit\" class=\"button mphb-book-button\" >Reserveren<\/button><\/form>\n<br\/><\/div>\n\t\n<\/div>\n<\/div>\t\t\t\t<\/div>\n\t\t\t\t<\/div>\n\t\t\t\t<\/div>\n\t\t<div class=\"elementor-element elementor-element-fa40ee0 e-con-full e-flex e-con e-child\" data-id=\"fa40ee0\" data-element_type=\"container\" data-e-type=\"container\">\n\t\t\t\t<div class=\"elementor-element elementor-element-41f3078e elementor-widget elementor-widget-mphbe-room\" data-id=\"41f3078e\" data-element_type=\"widget\" data-e-type=\"widget\" data-widget_type=\"mphbe-room.default\">\n\t\t\t\t<div class=\"elementor-widget-container\">\n\t\t\t\t\t<div class=\"mphb_sc_room-wrapper \"><div class=\"mphb-room-type post-7186 mphb_room_type type-mphb_room_type status-publish has-post-thumbnail mphb_room_type_category-2-slaapkamers mphb-room-type-adults-4 mphb-room-type-children-0 has-taxes-and-fees czr-hentry\">\n\n\t\n\t\n\n\t<p class=\"post-thumbnail mphb-loop-room-thumbnail\">\n\t<a href=\"https:\/\/www.floridabig.com\/wp\/accommodation\/saturno\/\">\n\t<img decoding=\"async\" width=\"1200\" height=\"755\" src=\"https:\/\/www.floridabig.com\/wp\/wp-content\/uploads\/2024\/08\/saturno_favor.jpg\" class=\"attachment-post-thumbnail size-post-thumbnail wp-post-image\" alt=\"\" srcset=\"https:\/\/www.floridabig.com\/wp\/wp-content\/uploads\/2024\/08\/saturno_favor.jpg 1200w, https:\/\/www.floridabig.com\/wp\/wp-content\/uploads\/2024\/08\/saturno_favor-300x189.jpg 300w, https:\/\/www.floridabig.com\/wp\/wp-content\/uploads\/2024\/08\/saturno_favor-1024x644.jpg 1024w, https:\/\/www.floridabig.com\/wp\/wp-content\/uploads\/2024\/08\/saturno_favor-768x483.jpg 768w\" sizes=\"(max-width: 1200px) 100vw, 1200px\" \/>\t<\/a>\n\n\t<\/p>\n\n<h2 class=\"mphb-room-type-title entry-title\">\n\n<a class=\"mphb-room-type-title\" href=\"https:\/\/www.floridabig.com\/wp\/accommodation\/saturno\/\">Saturno<\/a>\n\n<\/h2>\n<h3 class=\"mphb-room-type-details-title\">Details<\/h3><ul class=\"mphb-loop-room-type-attributes\">\n\n\n\t<li class=\"mphb-room-type-adults-capacity\"><span class=\"mphb-attribute-title mphb-adults-title\">Gasten:<\/span><span class=\"mphb-attribute-value\">\n\t4\n\t<\/span><\/li>\n\t\n\n\n\n\t<li class=\"mphb-room-type-view\"><span class=\"mphb-attribute-title mphb-view-title\">Bekijken:<\/span><span class=\"mphb-attribute-value\">\n\tzeezicht\n\t<\/span><\/li>\n\t\n\n\n\n\t<li class=\"mphb-room-type-bed-type\"><span  class=\"mphb-attribute-title mphb-bed-type-title\">Type Bed:<\/span><span class=\"mphb-attribute-value\">\n\t2 x 2 persoonbed\n\t<\/span><\/li>\n\t\n\n\t<li class=\"mphb-room-type-categories\"><span class=\"mphb-attribute-title mphb-categories-title\">Categorie\u00ebn:<\/span><span class=\"mphb-attribute-value\"> <span class=\"category-2-slaapkamers\"><a href=\"https:\/\/www.floridabig.com\/wp\/accommodation-category\/2-slaapkamers\/\">2 slaapkamers<\/a><\/span><\/span><\/li>\n\t\n<\/ul>\n\n\t<p class=\"mphb-regular-price\"><strong>Prijzen beginnen bij:<\/strong>\n\t<span class=\"mphb-price\"><span class=\"mphb-currency\">&euro;<\/span>109<\/span> <span class=\"mphb-price-period\" title=\"Kies uw data om de relevante prijzen te zien\">per nacht<\/span><span class=\"mphb-tax-information taxes-included\"> (+belastingen en toeslagen)<\/span>\n\t<\/p>\n\t\n<div class=\"mphb-to-book-btn-wrapper\">\n<form action=\"https:\/\/www.floridabig.com\/wp\/accommodation\/saturno\/#booking-form-7186\" method=\"get\" ><button type=\"submit\" class=\"button mphb-book-button\" >Reserveren<\/button><\/form>\n<br\/><\/div>\n\t\n<\/div>\n<\/div>\t\t\t\t<\/div>\n\t\t\t\t<\/div>\n\t\t\t\t<\/div>\n\t\t<div class=\"elementor-element elementor-element-1be8514 e-con-full e-flex e-con e-child\" data-id=\"1be8514\" data-element_type=\"container\" data-e-type=\"container\">\n\t\t\t\t<div class=\"elementor-element elementor-element-4b91c6ca elementor-widget__width-initial elementor-widget elementor-widget-mphbe-room\" data-id=\"4b91c6ca\" data-element_type=\"widget\" data-e-type=\"widget\" data-widget_type=\"mphbe-room.default\">\n\t\t\t\t<div class=\"elementor-widget-container\">\n\t\t\t\t\t<div class=\"mphb_sc_room-wrapper \"><div class=\"mphb-room-type post-7184 mphb_room_type type-mphb_room_type status-publish has-post-thumbnail mphb_room_type_category-2-slaapkamers mphb-room-type-adults-4 mphb-room-type-children-0 has-taxes-and-fees czr-hentry\">\n\n\t\n\t\n\n\t<p class=\"post-thumbnail mphb-loop-room-thumbnail\">\n\t<a href=\"https:\/\/www.floridabig.com\/wp\/accommodation\/esmeralda\/\">\n\t<img loading=\"lazy\" decoding=\"async\" width=\"1200\" height=\"755\" src=\"https:\/\/www.floridabig.com\/wp\/wp-content\/uploads\/2024\/08\/esmeralda.jpg\" class=\"attachment-post-thumbnail size-post-thumbnail wp-post-image\" alt=\"\" srcset=\"https:\/\/www.floridabig.com\/wp\/wp-content\/uploads\/2024\/08\/esmeralda.jpg 1200w, https:\/\/www.floridabig.com\/wp\/wp-content\/uploads\/2024\/08\/esmeralda-300x189.jpg 300w, https:\/\/www.floridabig.com\/wp\/wp-content\/uploads\/2024\/08\/esmeralda-1024x644.jpg 1024w, https:\/\/www.floridabig.com\/wp\/wp-content\/uploads\/2024\/08\/esmeralda-768x483.jpg 768w\" sizes=\"(max-width: 1200px) 100vw, 1200px\" \/>\t<\/a>\n\n\t<\/p>\n\n<h2 class=\"mphb-room-type-title entry-title\">\n\n<a class=\"mphb-room-type-title\" href=\"https:\/\/www.floridabig.com\/wp\/accommodation\/esmeralda\/\">Esmeralda<\/a>\n\n<\/h2>\n<h3 class=\"mphb-room-type-details-title\">Details<\/h3><ul class=\"mphb-loop-room-type-attributes\">\n\n\n\t<li class=\"mphb-room-type-adults-capacity\"><span class=\"mphb-attribute-title mphb-adults-title\">Gasten:<\/span><span class=\"mphb-attribute-value\">\n\t4\n\t<\/span><\/li>\n\t\n\n\n\n\t<li class=\"mphb-room-type-view\"><span class=\"mphb-attribute-title mphb-view-title\">Bekijken:<\/span><span class=\"mphb-attribute-value\">\n\tzeezicht\n\t<\/span><\/li>\n\t\n\n\n\n\n\n\t<li class=\"mphb-room-type-categories\"><span class=\"mphb-attribute-title mphb-categories-title\">Categorie\u00ebn:<\/span><span class=\"mphb-attribute-value\"> <span class=\"category-2-slaapkamers\"><a href=\"https:\/\/www.floridabig.com\/wp\/accommodation-category\/2-slaapkamers\/\">2 slaapkamers<\/a><\/span><\/span><\/li>\n\t\n<\/ul>\n\n\t<p class=\"mphb-regular-price\"><strong>Prijzen beginnen bij:<\/strong>\n\t<span class=\"mphb-price\"><span class=\"mphb-currency\">&euro;<\/span>131<\/span> <span class=\"mphb-price-period\" title=\"Kies uw data om de relevante prijzen te zien\">per nacht<\/span><span class=\"mphb-tax-information taxes-included\"> (+belastingen en toeslagen)<\/span>\n\t<\/p>\n\t\n<div class=\"mphb-to-book-btn-wrapper\">\n<form action=\"https:\/\/www.floridabig.com\/wp\/accommodation\/esmeralda\/#booking-form-7184\" method=\"get\" ><button type=\"submit\" class=\"button mphb-book-button\" >Reserveren<\/button><\/form>\n<br\/><\/div>\n\t\n<\/div>\n<\/div>\t\t\t\t<\/div>\n\t\t\t\t<\/div>\n\t\t\t\t<\/div>\n\t\t<div class=\"elementor-element elementor-element-d95abf4 e-con-full e-flex e-con e-child\" data-id=\"d95abf4\" data-element_type=\"container\" data-e-type=\"container\">\n\t\t\t\t<div class=\"elementor-element elementor-element-6cbd1ae elementor-widget__width-initial elementor-widget elementor-widget-mphbe-room\" data-id=\"6cbd1ae\" data-element_type=\"widget\" data-e-type=\"widget\" data-widget_type=\"mphbe-room.default\">\n\t\t\t\t<div class=\"elementor-widget-container\">\n\t\t\t\t\t<div class=\"mphb_sc_room-wrapper \"><div class=\"mphb-room-type post-7190 mphb_room_type type-mphb_room_type status-publish has-post-thumbnail mphb_room_type_category-2-slaapkamers mphb-room-type-adults-4 mphb-room-type-children-0 has-taxes-and-fees czr-hentry\">\n\n\t\n\t\n\n\t<p class=\"post-thumbnail mphb-loop-room-thumbnail\">\n\t<a href=\"https:\/\/www.floridabig.com\/wp\/accommodation\/niza\/\">\n\t<img loading=\"lazy\" decoding=\"async\" width=\"1200\" height=\"755\" src=\"https:\/\/www.floridabig.com\/wp\/wp-content\/uploads\/2024\/08\/niza.jpg\" class=\"attachment-post-thumbnail size-post-thumbnail wp-post-image\" alt=\"\" srcset=\"https:\/\/www.floridabig.com\/wp\/wp-content\/uploads\/2024\/08\/niza.jpg 1200w, https:\/\/www.floridabig.com\/wp\/wp-content\/uploads\/2024\/08\/niza-300x189.jpg 300w, https:\/\/www.floridabig.com\/wp\/wp-content\/uploads\/2024\/08\/niza-1024x644.jpg 1024w, https:\/\/www.floridabig.com\/wp\/wp-content\/uploads\/2024\/08\/niza-768x483.jpg 768w\" sizes=\"(max-width: 1200px) 100vw, 1200px\" \/>\t<\/a>\n\n\t<\/p>\n\n<h2 class=\"mphb-room-type-title entry-title\">\n\n<a class=\"mphb-room-type-title\" href=\"https:\/\/www.floridabig.com\/wp\/accommodation\/niza\/\">Niza<\/a>\n\n<\/h2>\n<h3 class=\"mphb-room-type-details-title\">Details<\/h3><ul class=\"mphb-loop-room-type-attributes\">\n\n\n\t<li class=\"mphb-room-type-adults-capacity\"><span class=\"mphb-attribute-title mphb-adults-title\">Gasten:<\/span><span class=\"mphb-attribute-value\">\n\t4\n\t<\/span><\/li>\n\t\n\n\n\n\t<li class=\"mphb-room-type-view\"><span class=\"mphb-attribute-title mphb-view-title\">Bekijken:<\/span><span class=\"mphb-attribute-value\">\n\tzeezicht\n\t<\/span><\/li>\n\t\n\n\n\n\n\n\t<li class=\"mphb-room-type-categories\"><span class=\"mphb-attribute-title mphb-categories-title\">Categorie\u00ebn:<\/span><span class=\"mphb-attribute-value\"> <span class=\"category-2-slaapkamers\"><a href=\"https:\/\/www.floridabig.com\/wp\/accommodation-category\/2-slaapkamers\/\">2 slaapkamers<\/a><\/span><\/span><\/li>\n\t\n<\/ul>\n\n\t<p class=\"mphb-regular-price\"><strong>Prijzen beginnen bij:<\/strong>\n\t<span class=\"mphb-price\"><span class=\"mphb-currency\">&euro;<\/span>131<\/span> <span class=\"mphb-price-period\" title=\"Kies uw data om de relevante prijzen te zien\">per nacht<\/span><span class=\"mphb-tax-information taxes-included\"> (+belastingen en toeslagen)<\/span>\n\t<\/p>\n\t\n<div class=\"mphb-to-book-btn-wrapper\">\n<form action=\"https:\/\/www.floridabig.com\/wp\/accommodation\/niza\/#booking-form-7190\" method=\"get\" ><button type=\"submit\" class=\"button mphb-book-button\" >Reserveren<\/button><\/form>\n<br\/><\/div>\n\t\n<\/div>\n<\/div>\t\t\t\t<\/div>\n\t\t\t\t<\/div>\n\t\t\t\t<\/div>\n\t\t\t\t\t<\/div>\n\t\t\t\t<\/div>\n\t\t\t\t<\/div>\n\t\t","protected":false},"excerpt":{"rendered":"<p>Floridabig is een verhuurbedrijf dat vakantieappartementen aanbiedt aan de Costa del Sol, met name in Fuengirola, Spanje. Ze richten zich op comfortabele en centraal gelegen accommodaties direct aan het strand, ideaal voor vakantiegangers die op zoek zijn naar zon, zee en gemak. De appartementen vari\u00ebren van gezellige opties met twee slaapkamers en \u00e9\u00e9n badkamer tot [&hellip;]<\/p>\n","protected":false},"author":5,"featured_media":0,"parent":0,"menu_order":0,"comment_status":"closed","ping_status":"closed","template":"","meta":{"jetpack_post_was_ever_published":false,"footnotes":""},"class_list":["post-46","page","type-page","status-publish","czr-hentry"],"yoast_head":"<!-- This site is optimized with the Yoast SEO plugin v27.3 - https:\/\/yoast.com\/product\/yoast-seo-wordpress\/ -->\n<title>Welkom op de website van Floridabig - Floridabig<\/title>\n<meta name=\"robots\" content=\"index, follow, max-snippet:-1, max-image-preview:large, max-video-preview:-1\" \/>\n<link rel=\"canonical\" href=\"https:\/\/www.floridabig.com\/wp\/\" \/>\n<meta property=\"og:locale\" content=\"nl_NL\" \/>\n<meta property=\"og:type\" content=\"article\" \/>\n<meta property=\"og:title\" content=\"Welkom op de website van Floridabig - Floridabig\" \/>\n<meta property=\"og:description\" content=\"Floridabig is een verhuurbedrijf dat vakantieappartementen aanbiedt aan de Costa del Sol, met name in Fuengirola, Spanje. Ze richten zich op comfortabele en centraal gelegen accommodaties direct aan het strand, ideaal voor vakantiegangers die op zoek zijn naar zon, zee en gemak. De appartementen vari\u00ebren van gezellige opties met twee slaapkamers en \u00e9\u00e9n badkamer tot [&hellip;]\" \/>\n<meta property=\"og:url\" content=\"https:\/\/www.floridabig.com\/wp\/\" \/>\n<meta property=\"og:site_name\" content=\"Floridabig\" \/>\n<meta property=\"article:publisher\" content=\"https:\/\/www.facebook.com\/floridabig\/\" \/>\n<meta property=\"article:modified_time\" content=\"2026-01-29T12:08:24+00:00\" \/>\n<meta property=\"og:image\" content=\"https:\/\/www.floridabig.com\/wp\/wp-content\/uploads\/2025\/07\/fuengirola.jpg\" \/>\n\t<meta property=\"og:image:width\" content=\"308\" \/>\n\t<meta property=\"og:image:height\" content=\"195\" \/>\n\t<meta property=\"og:image:type\" content=\"image\/jpeg\" \/>\n<meta name=\"twitter:card\" content=\"summary_large_image\" \/>\n<meta name=\"twitter:label1\" content=\"Geschatte leestijd\" \/>\n\t<meta name=\"twitter:data1\" content=\"2 minuten\" \/>\n<script type=\"application\/ld+json\" class=\"yoast-schema-graph\">{\"@context\":\"https:\\\/\\\/schema.org\",\"@graph\":[{\"@type\":\"WebPage\",\"@id\":\"https:\\\/\\\/www.floridabig.com\\\/wp\\\/\",\"url\":\"https:\\\/\\\/www.floridabig.com\\\/wp\\\/\",\"name\":\"Welkom op de website van Floridabig - Floridabig\",\"isPartOf\":{\"@id\":\"https:\\\/\\\/www.floridabig.com\\\/wp\\\/#website\"},\"primaryImageOfPage\":{\"@id\":\"https:\\\/\\\/www.floridabig.com\\\/wp\\\/#primaryimage\"},\"image\":{\"@id\":\"https:\\\/\\\/www.floridabig.com\\\/wp\\\/#primaryimage\"},\"thumbnailUrl\":\"https:\\\/\\\/www.floridabig.com\\\/wp\\\/wp-content\\\/uploads\\\/2025\\\/07\\\/fuengirola.jpg\",\"datePublished\":\"2012-03-27T20:58:16+00:00\",\"dateModified\":\"2026-01-29T12:08:24+00:00\",\"breadcrumb\":{\"@id\":\"https:\\\/\\\/www.floridabig.com\\\/wp\\\/#breadcrumb\"},\"inLanguage\":\"nl-NL\",\"potentialAction\":[{\"@type\":\"ReadAction\",\"target\":[\"https:\\\/\\\/www.floridabig.com\\\/wp\\\/\"]}]},{\"@type\":\"ImageObject\",\"inLanguage\":\"nl-NL\",\"@id\":\"https:\\\/\\\/www.floridabig.com\\\/wp\\\/#primaryimage\",\"url\":\"https:\\\/\\\/www.floridabig.com\\\/wp\\\/wp-content\\\/uploads\\\/2025\\\/07\\\/fuengirola.jpg\",\"contentUrl\":\"https:\\\/\\\/www.floridabig.com\\\/wp\\\/wp-content\\\/uploads\\\/2025\\\/07\\\/fuengirola.jpg\",\"width\":308,\"height\":195},{\"@type\":\"BreadcrumbList\",\"@id\":\"https:\\\/\\\/www.floridabig.com\\\/wp\\\/#breadcrumb\",\"itemListElement\":[{\"@type\":\"ListItem\",\"position\":1,\"name\":\"Home\",\"item\":\"https:\\\/\\\/www.floridabig.com\\\/wp\\\/\"},{\"@type\":\"ListItem\",\"position\":2,\"name\":\"Welkom op de website van Floridabig\"}]},{\"@type\":\"WebSite\",\"@id\":\"https:\\\/\\\/www.floridabig.com\\\/wp\\\/#website\",\"url\":\"https:\\\/\\\/www.floridabig.com\\\/wp\\\/\",\"name\":\"Floridabig\",\"description\":\"Costa del Sol Verhuur \",\"publisher\":{\"@id\":\"https:\\\/\\\/www.floridabig.com\\\/wp\\\/#organization\"},\"potentialAction\":[{\"@type\":\"SearchAction\",\"target\":{\"@type\":\"EntryPoint\",\"urlTemplate\":\"https:\\\/\\\/www.floridabig.com\\\/wp\\\/?s={search_term_string}\"},\"query-input\":{\"@type\":\"PropertyValueSpecification\",\"valueRequired\":true,\"valueName\":\"search_term_string\"}}],\"inLanguage\":\"nl-NL\"},{\"@type\":\"Organization\",\"@id\":\"https:\\\/\\\/www.floridabig.com\\\/wp\\\/#organization\",\"name\":\"Floridabig\",\"url\":\"https:\\\/\\\/www.floridabig.com\\\/wp\\\/\",\"logo\":{\"@type\":\"ImageObject\",\"inLanguage\":\"nl-NL\",\"@id\":\"https:\\\/\\\/www.floridabig.com\\\/wp\\\/#\\\/schema\\\/logo\\\/image\\\/\",\"url\":\"https:\\\/\\\/www.floridabig.com\\\/wp\\\/wp-content\\\/uploads\\\/2012\\\/03\\\/cropped-cropped-cropped-cropped-Floridabig_Logo.jpg\",\"contentUrl\":\"https:\\\/\\\/www.floridabig.com\\\/wp\\\/wp-content\\\/uploads\\\/2012\\\/03\\\/cropped-cropped-cropped-cropped-Floridabig_Logo.jpg\",\"width\":512,\"height\":512,\"caption\":\"Floridabig\"},\"image\":{\"@id\":\"https:\\\/\\\/www.floridabig.com\\\/wp\\\/#\\\/schema\\\/logo\\\/image\\\/\"},\"sameAs\":[\"https:\\\/\\\/www.facebook.com\\\/floridabig\\\/\"]}]}<\/script>\n<!-- \/ Yoast SEO plugin. -->","yoast_head_json":{"title":"Welkom op de website van Floridabig - Floridabig","robots":{"index":"index","follow":"follow","max-snippet":"max-snippet:-1","max-image-preview":"max-image-preview:large","max-video-preview":"max-video-preview:-1"},"canonical":"https:\/\/www.floridabig.com\/wp\/","og_locale":"nl_NL","og_type":"article","og_title":"Welkom op de website van Floridabig - Floridabig","og_description":"Floridabig is een verhuurbedrijf dat vakantieappartementen aanbiedt aan de Costa del Sol, met name in Fuengirola, Spanje. Ze richten zich op comfortabele en centraal gelegen accommodaties direct aan het strand, ideaal voor vakantiegangers die op zoek zijn naar zon, zee en gemak. De appartementen vari\u00ebren van gezellige opties met twee slaapkamers en \u00e9\u00e9n badkamer tot [&hellip;]","og_url":"https:\/\/www.floridabig.com\/wp\/","og_site_name":"Floridabig","article_publisher":"https:\/\/www.facebook.com\/floridabig\/","article_modified_time":"2026-01-29T12:08:24+00:00","og_image":[{"width":308,"height":195,"url":"https:\/\/www.floridabig.com\/wp\/wp-content\/uploads\/2025\/07\/fuengirola.jpg","type":"image\/jpeg"}],"twitter_card":"summary_large_image","twitter_misc":{"Geschatte leestijd":"2 minuten"},"schema":{"@context":"https:\/\/schema.org","@graph":[{"@type":"WebPage","@id":"https:\/\/www.floridabig.com\/wp\/","url":"https:\/\/www.floridabig.com\/wp\/","name":"Welkom op de website van Floridabig - Floridabig","isPartOf":{"@id":"https:\/\/www.floridabig.com\/wp\/#website"},"primaryImageOfPage":{"@id":"https:\/\/www.floridabig.com\/wp\/#primaryimage"},"image":{"@id":"https:\/\/www.floridabig.com\/wp\/#primaryimage"},"thumbnailUrl":"https:\/\/www.floridabig.com\/wp\/wp-content\/uploads\/2025\/07\/fuengirola.jpg","datePublished":"2012-03-27T20:58:16+00:00","dateModified":"2026-01-29T12:08:24+00:00","breadcrumb":{"@id":"https:\/\/www.floridabig.com\/wp\/#breadcrumb"},"inLanguage":"nl-NL","potentialAction":[{"@type":"ReadAction","target":["https:\/\/www.floridabig.com\/wp\/"]}]},{"@type":"ImageObject","inLanguage":"nl-NL","@id":"https:\/\/www.floridabig.com\/wp\/#primaryimage","url":"https:\/\/www.floridabig.com\/wp\/wp-content\/uploads\/2025\/07\/fuengirola.jpg","contentUrl":"https:\/\/www.floridabig.com\/wp\/wp-content\/uploads\/2025\/07\/fuengirola.jpg","width":308,"height":195},{"@type":"BreadcrumbList","@id":"https:\/\/www.floridabig.com\/wp\/#breadcrumb","itemListElement":[{"@type":"ListItem","position":1,"name":"Home","item":"https:\/\/www.floridabig.com\/wp\/"},{"@type":"ListItem","position":2,"name":"Welkom op de website van Floridabig"}]},{"@type":"WebSite","@id":"https:\/\/www.floridabig.com\/wp\/#website","url":"https:\/\/www.floridabig.com\/wp\/","name":"Floridabig","description":"Costa del Sol Verhuur ","publisher":{"@id":"https:\/\/www.floridabig.com\/wp\/#organization"},"potentialAction":[{"@type":"SearchAction","target":{"@type":"EntryPoint","urlTemplate":"https:\/\/www.floridabig.com\/wp\/?s={search_term_string}"},"query-input":{"@type":"PropertyValueSpecification","valueRequired":true,"valueName":"search_term_string"}}],"inLanguage":"nl-NL"},{"@type":"Organization","@id":"https:\/\/www.floridabig.com\/wp\/#organization","name":"Floridabig","url":"https:\/\/www.floridabig.com\/wp\/","logo":{"@type":"ImageObject","inLanguage":"nl-NL","@id":"https:\/\/www.floridabig.com\/wp\/#\/schema\/logo\/image\/","url":"https:\/\/www.floridabig.com\/wp\/wp-content\/uploads\/2012\/03\/cropped-cropped-cropped-cropped-Floridabig_Logo.jpg","contentUrl":"https:\/\/www.floridabig.com\/wp\/wp-content\/uploads\/2012\/03\/cropped-cropped-cropped-cropped-Floridabig_Logo.jpg","width":512,"height":512,"caption":"Floridabig"},"image":{"@id":"https:\/\/www.floridabig.com\/wp\/#\/schema\/logo\/image\/"},"sameAs":["https:\/\/www.facebook.com\/floridabig\/"]}]}},"jetpack_shortlink":"https:\/\/wp.me\/P9Rsur-K","jetpack_sharing_enabled":true,"_links":{"self":[{"href":"https:\/\/www.floridabig.com\/wp\/wp-json\/wp\/v2\/pages\/46","targetHints":{"allow":["GET"]}}],"collection":[{"href":"https:\/\/www.floridabig.com\/wp\/wp-json\/wp\/v2\/pages"}],"about":[{"href":"https:\/\/www.floridabig.com\/wp\/wp-json\/wp\/v2\/types\/page"}],"author":[{"embeddable":true,"href":"https:\/\/www.floridabig.com\/wp\/wp-json\/wp\/v2\/users\/5"}],"replies":[{"embeddable":true,"href":"https:\/\/www.floridabig.com\/wp\/wp-json\/wp\/v2\/comments?post=46"}],"version-history":[{"count":73,"href":"https:\/\/www.floridabig.com\/wp\/wp-json\/wp\/v2\/pages\/46\/revisions"}],"predecessor-version":[{"id":8268,"href":"https:\/\/www.floridabig.com\/wp\/wp-json\/wp\/v2\/pages\/46\/revisions\/8268"}],"wp:attachment":[{"href":"https:\/\/www.floridabig.com\/wp\/wp-json\/wp\/v2\/media?parent=46"}],"curies":[{"name":"wp","href":"https:\/\/api.w.org\/{rel}","templated":true}]}}